{"id":13434,"date":"2024-07-05T08:42:51","date_gmt":"2024-07-05T06:42:51","guid":{"rendered":"https:\/\/elyan.com\/approach\/"},"modified":"2026-03-23T09:16:29","modified_gmt":"2026-03-23T08:16:29","slug":"approach","status":"publish","type":"page","link":"https:\/\/elyan.com\/fr\/approach\/","title":{"rendered":"Approach"},"content":{"rendered":"\t\t<div data-elementor-type=\"wp-page\" data-elementor-id=\"13434\" class=\"elementor elementor-13434 elementor-37\" data-elementor-post-type=\"page\">\n\t\t\t\t<div class=\"elementor-element elementor-element-9032e00 e-con-full e-flex rt-parallax-bg-no e-con e-parent\" data-id=\"9032e00\" data-element_type=\"container\" data-settings=\"{&quot;background_background&quot;:&quot;video&quot;,&quot;background_video_link&quot;:&quot;https:\\\/\\\/elyan.com\\\/wp-content\\\/uploads\\\/2026\\\/02\\\/Approach_Elyan_header.mp4&quot;,&quot;background_play_on_mobile&quot;:&quot;yes&quot;}\">\n\t\t<div class=\"elementor-background-video-container\" aria-hidden=\"true\">\n\t\t\t\t\t\t\t<video class=\"elementor-background-video-hosted\" autoplay muted playsinline loop><\/video>\n\t\t\t\t\t<\/div><div class=\"elementor-element elementor-element-0c50336 e-grid e-con-boxed rt-parallax-bg-no e-con e-child\" data-id=\"0c50336\" data-element_type=\"container\" data-settings=\"{&quot;background_background&quot;:&quot;video&quot;}\">\n\t\t\t\t\t<div class=\"e-con-inner\">\n\t\t\t\t<div class=\"elementor-element elementor-element-ec3834e elementor-widget elementor-widget-spacer\" data-id=\"ec3834e\" data-element_type=\"widget\" data-widget_type=\"spacer.default\">\n\t\t\t\t\t\t\t<div class=\"elementor-spacer\">\n\t\t\t<div class=\"elementor-spacer-inner\"><\/div>\n\t\t<\/div>\n\t\t\t\t\t\t<\/div>\n\t\t\t\t<div class=\"elementor-element elementor-element-61b1d90 elementor-invisible elementor-widget elementor-widget-rt-title\" data-id=\"61b1d90\" data-element_type=\"widget\" data-widget_type=\"rt-title.default\">\n\t\t\t\t<div class=\"elementor-widget-container\">\n\t\t\t\t\t<div class=\"section-title-wrapper \">\r\n\t<div class=\"title-inner-wrapper ah-headline\">\r\n        \t\t<!--Top Sub Title-->\r\n\t\t\t\t\t<div class=\"top-sub-title-wrap wow-off fadeInUp\" data-wow-delay=\"200ms\" data-wow-duration=\"1200ms\">\r\n                <span class=\"top-sub-title default\">\r\n                    Approach                <\/span>\r\n\t\t\t<\/div>\r\n\t\t\r\n\t\t<!--Main Title-->\r\n\t\t        <div class=\"wow-off fadeInUp\" data-wow-delay=\"400ms\" data-wow-duration=\"1200ms\">\r\n            <h2 class=\"main-title title-gradient-animation no no middle \">Partnership <br>\nin <span class=\"italic-part\">motion.<\/span>\n                            <\/h2>\r\n        <\/div>\r\n        \r\n        <!--Description-->\r\n        \r\n\t        <\/div>\r\n<\/div>\t\t\t\t<\/div>\n\t\t\t\t<\/div>\n\t\t\t\t<div class=\"elementor-element elementor-element-e83198c elementor-widget elementor-widget-spacer\" data-id=\"e83198c\" data-element_type=\"widget\" data-widget_type=\"spacer.default\">\n\t\t\t\t\t\t\t<div class=\"elementor-spacer\">\n\t\t\t<div class=\"elementor-spacer-inner\"><\/div>\n\t\t<\/div>\n\t\t\t\t\t\t<\/div>\n\t\t\t\t\t<\/div>\n\t\t\t\t<\/div>\n\t\t\t\t<\/div>\n\t\t<div class=\"elementor-element elementor-element-a2cd8ee e-flex e-con-boxed rt-parallax-bg-no e-con e-parent\" data-id=\"a2cd8ee\" data-element_type=\"container\">\n\t\t\t\t\t<div class=\"e-con-inner\">\n\t\t\t\t<div class=\"elementor-element elementor-element-01eb4e3 elementor-widget elementor-widget-spacer\" data-id=\"01eb4e3\" data-element_type=\"widget\" data-widget_type=\"spacer.default\">\n\t\t\t\t\t\t\t<div class=\"elementor-spacer\">\n\t\t\t<div class=\"elementor-spacer-inner\"><\/div>\n\t\t<\/div>\n\t\t\t\t\t\t<\/div>\n\t\t\t\t\t<\/div>\n\t\t\t\t<\/div>\n\t\t<div class=\"elementor-element elementor-element-c2f5f7e e-flex e-con-boxed rt-parallax-bg-no e-con e-parent\" data-id=\"c2f5f7e\" data-element_type=\"container\">\n\t\t\t\t\t<div class=\"e-con-inner\">\n\t\t\t\t<div class=\"elementor-element elementor-element-8844ab5 elementor-widget__width-inherit elementor-widget elementor-widget-heading\" data-id=\"8844ab5\" data-element_type=\"widget\" data-widget_type=\"heading.default\">\n\t\t\t\t\t<h1 class=\"elementor-heading-title elementor-size-default\">Nous construisons des partenariats clairs v\u00e0 durables v\u1edbi nos \u00e9quipes de direction \u2014 et, le cas \u00e9ch\u00e9ant, v\u1edbi d'autres investisseurs, entrepreneurs v\u00e0 family offices. Plus que de simples investisseurs en capital, nous sommes des partenaires en mouvement, apportant une vision strat\u00e9gique, une expertise sectorielle ainsi qu\u2019un r\u00e9seau mondial synergique v\u00e0 transatlantique \u00e0 chaque investissement.  <\/h1>\t\t\t\t<\/div>\n\t\t\t\t<div class=\"elementor-element elementor-element-b574eec elementor-widget elementor-widget-spacer\" data-id=\"b574eec\" data-element_type=\"widget\" data-widget_type=\"spacer.default\">\n\t\t\t\t\t\t\t<div class=\"elementor-spacer\">\n\t\t\t<div class=\"elementor-spacer-inner\"><\/div>\n\t\t<\/div>\n\t\t\t\t\t\t<\/div>\n\t\t\t\t\t<\/div>\n\t\t\t\t<\/div>\n\t\t<div class=\"elementor-element elementor-element-c47e687 e-flex e-con-boxed rt-parallax-bg-no e-con e-parent\" data-id=\"c47e687\" data-element_type=\"container\">\n\t\t\t\t\t<div class=\"e-con-inner\">\n\t\t\t\t<div class=\"elementor-element elementor-element-5d6269b elementor-widget__width-inherit elementor-widget elementor-widget-heading\" data-id=\"5d6269b\" data-element_type=\"widget\" data-widget_type=\"heading.default\">\n\t\t\t\t\t<h1 class=\"elementor-heading-title elementor-size-default\">Ensemble, nous transformons l'ambition en succ\u00e8s partag\u00e9.Together, we turn ambition into shared success.<\/h1>\t\t\t\t<\/div>\n\t\t\t\t\t<\/div>\n\t\t\t\t<\/div>\n\t\t<div class=\"elementor-element elementor-element-56bbf36 e-flex e-con-boxed rt-parallax-bg-no e-con e-parent\" data-id=\"56bbf36\" data-element_type=\"container\">\n\t\t\t\t\t<div class=\"e-con-inner\">\n\t\t\t\t<div class=\"elementor-element elementor-element-f6d31f9 elementor-widget elementor-widget-spacer\" data-id=\"f6d31f9\" data-element_type=\"widget\" data-widget_type=\"spacer.default\">\n\t\t\t\t\t\t\t<div class=\"elementor-spacer\">\n\t\t\t<div class=\"elementor-spacer-inner\"><\/div>\n\t\t<\/div>\n\t\t\t\t\t\t<\/div>\n\t\t\t\t<div class=\"elementor-element elementor-element-5fcae86 elementor-widget__width-inherit elementor-widget elementor-widget-heading\" data-id=\"5fcae86\" data-element_type=\"widget\" data-widget_type=\"heading.default\">\n\t\t\t\t\t<h1 class=\"elementor-heading-title elementor-size-default\">\u00c0 travers notre fonds de buy-out phare (ERES IV, 500 M\u20ac), nous investissons dans des entreprises de taille interm\u00e9diaire (ETI) de qualit\u00e9, en croissance v\u00e0 affichant un Ebitda positif, en Europe v\u00e0 aux \u00c9tats-Unis. Nos tickets d'investissement varient entre 25 v\u00e0 75 millions d'euros en fonds propres.  <\/h1>\t\t\t\t<\/div>\n\t\t\t\t<div class=\"elementor-element elementor-element-6584934 elementor-widget__width-inherit elementor-widget elementor-widget-heading\" data-id=\"6584934\" data-element_type=\"widget\" data-widget_type=\"heading.default\">\n\t\t\t\t\t<h1 class=\"elementor-heading-title elementor-size-default\">Nous agissons nh\u01b0 des catalyseurs de transactions, guid\u00e9s par la flexibilit\u00e9 v\u00e0 une pens\u00e9e innovante. Nous nous adaptons \u00e0 chaque parcours, que ce soit par des investissements majoritaires ou minoritaires, en fonds propres structur\u00e9s ou traditionnels. Ce qui nous importe le plus, c'est d'aider les dirigeants \u00e0 transformer leur ambition en accomplissement, avec sens, \u00e9lan v\u00e0 conviction partag\u00e9e.  <\/h1>\t\t\t\t<\/div>\n\t\t\t\t<div class=\"elementor-element elementor-element-1cce5b2 elementor-widget elementor-widget-spacer\" data-id=\"1cce5b2\" data-element_type=\"widget\" data-widget_type=\"spacer.default\">\n\t\t\t\t\t\t\t<div class=\"elementor-spacer\">\n\t\t\t<div class=\"elementor-spacer-inner\"><\/div>\n\t\t<\/div>\n\t\t\t\t\t\t<\/div>\n\t\t\t\t\t<\/div>\n\t\t\t\t<\/div>\n\t\t<div class=\"elementor-element elementor-element-24b5330 e-grid e-con-boxed rt-parallax-bg-no e-con e-parent\" data-id=\"24b5330\" data-element_type=\"container\">\n\t\t\t\t\t<div class=\"e-con-inner\">\n\t\t\t\t<div class=\"elementor-element elementor-element-af291b5 elementor-invisible elementor-widget elementor-widget-rt-title\" data-id=\"af291b5\" data-element_type=\"widget\" data-widget_type=\"rt-title.default\">\n\t\t\t\t<div class=\"elementor-widget-container\">\n\t\t\t\t\t<div class=\"section-title-wrapper \">\r\n\t<div class=\"title-inner-wrapper ah-headline\">\r\n        \t\t<!--Top Sub Title-->\r\n\t\t\t\t\t<div class=\"top-sub-title-wrap wow-off fadeInUp\" data-wow-delay=\"200ms\" data-wow-duration=\"1200ms\">\r\n                <span class=\"top-sub-title default\">\r\n                    PORTFOLIO                <\/span>\r\n\t\t\t<\/div>\r\n\t\t\r\n\t\t<!--Main Title-->\r\n\t\t        <div class=\"wow-off fadeInUp\" data-wow-delay=\"400ms\" data-wow-duration=\"1200ms\">\r\n            <h2 class=\"main-title title-gradient-animation no no middle center\">See latest investments                            <\/h2>\r\n        <\/div>\r\n        \r\n        <!--Description-->\r\n        \r\n\t        <\/div>\r\n<\/div>\t\t\t\t<\/div>\n\t\t\t\t<\/div>\n\t\t\t\t<div class=\"elementor-element elementor-element-bc53a1e e-transform e-transform e-transform elementor-invisible elementor-widget elementor-widget-rt-project\" data-id=\"bc53a1e\" data-element_type=\"widget\" data-settings=\"{&quot;_transform_rotateZ_effect&quot;:{&quot;unit&quot;:&quot;px&quot;,&quot;size&quot;:0,&quot;sizes&quot;:[]},&quot;_transform_translateX_effect&quot;:{&quot;unit&quot;:&quot;px&quot;,&quot;size&quot;:0,&quot;sizes&quot;:[]},&quot;_transform_rotateZ_effect_tablet&quot;:{&quot;unit&quot;:&quot;deg&quot;,&quot;size&quot;:&quot;&quot;,&quot;sizes&quot;:[]},&quot;_transform_rotateZ_effect_mobile&quot;:{&quot;unit&quot;:&quot;deg&quot;,&quot;size&quot;:&quot;&quot;,&quot;sizes&quot;:[]},&quot;_transform_translateX_effect_tablet&quot;:{&quot;unit&quot;:&quot;px&quot;,&quot;size&quot;:&quot;&quot;,&quot;sizes&quot;:[]},&quot;_transform_translateX_effect_mobile&quot;:{&quot;unit&quot;:&quot;px&quot;,&quot;size&quot;:&quot;&quot;,&quot;sizes&quot;:[]},&quot;_transform_translateY_effect&quot;:{&quot;unit&quot;:&quot;px&quot;,&quot;size&quot;:&quot;&quot;,&quot;sizes&quot;:[]},&quot;_transform_translateY_effect_tablet&quot;:{&quot;unit&quot;:&quot;px&quot;,&quot;size&quot;:&quot;&quot;,&quot;sizes&quot;:[]},&quot;_transform_translateY_effect_mobile&quot;:{&quot;unit&quot;:&quot;px&quot;,&quot;size&quot;:&quot;&quot;,&quot;sizes&quot;:[]},&quot;_transform_scale_effect&quot;:{&quot;unit&quot;:&quot;px&quot;,&quot;size&quot;:&quot;&quot;,&quot;sizes&quot;:[]},&quot;_transform_scale_effect_tablet&quot;:{&quot;unit&quot;:&quot;px&quot;,&quot;size&quot;:&quot;&quot;,&quot;sizes&quot;:[]},&quot;_transform_scale_effect_mobile&quot;:{&quot;unit&quot;:&quot;px&quot;,&quot;size&quot;:&quot;&quot;,&quot;sizes&quot;:[]}}\" data-widget_type=\"rt-project.default\">\n\t\t\t\t<div class=\"elementor-widget-container\">\n\t\t\t\t\t<div class=\"rt-project-default rt-project-multi-layout-4 project-grid-layout-4\">\n\t<div class=\"row g-5\">\n\t\t                <div class=\"col-xl-4 col-lg-4 col-md-6 col-sm-12 col-xs-12 wow fadeInUp\" data-wow-delay=\"200ms\" data-wow-duration=\"1200ms\">\n                    <div class=\"project-item\">\n                        <div class=\"project-thumbs \">\n\t                        \t\t<div class=\"post-thumbnail-wrap\">\r\n\r\n\t\t\t\t\t<figure class=\"post-thumbnail\">\r\n\t\t\t\t<a class=\"post-thumb-link alignwide\" href=\"https:\/\/elyan.com\/fr\/project\/m-energies\/\" aria-hidden=\"true\" tabindex=\"-1\"><img fetchpriority=\"high\" decoding=\"async\" width=\"332\" height=\"342\" src=\"https:\/\/elyan.com\/wp-content\/uploads\/2025\/12\/M-Energies.png\" class=\"attachment-finwave-size6 size-finwave-size6 wp-post-image\" alt=\"\" srcset=\"https:\/\/elyan.com\/wp-content\/uploads\/2025\/12\/M-Energies.png 332w, https:\/\/elyan.com\/wp-content\/uploads\/2025\/12\/M-Energies-291x300.png 291w\" sizes=\"(max-width: 332px) 100vw, 332px\" \/><\/a>\r\n\t\t\t<\/figure><!-- .post-thumbnail -->\r\n\r\n\t\t\t\t\t\r\n\t\t<\/div>\r\n\t\t                        <\/div>\n                        <div class=\"project-content d-flex justify-content-between\">\n                            <div class=\"project-info\">\n                                <h3 class=\"project-title\">\n                                                                        <span>M-Energies<\/span>\n                                <\/h3>\n\t\t\t\t                                                                                        <span class=\"project-cat\">\n                                                                            <\/span>\n                                    \n\t\t\t\t                                                    <div class=\"project-excerpt\">HVAC services provider to B2B customers<\/div>\n\t\t\t\t                                                \n                                <span class=\"project-cat project-childcat\">\n                                                                    <\/span>\n                            <\/div>\n\n\t                                                        <div class=\"rt-button\">\n\t                                                                                                                <a class=\"btn button-2\" href=\"https:\/\/m-energies.fr\/\" aria-label=\"project link\" target='_blank'><i class=\"icon-rt-right-arrow\"><\/i><\/a>\n\t                                                                <\/div>\n                                                    <\/div>\n                    <\/div>\n                <\/div>\n                            <div class=\"col-xl-4 col-lg-4 col-md-6 col-sm-12 col-xs-12 wow fadeInUp\" data-wow-delay=\"400ms\" data-wow-duration=\"1200ms\">\n                    <div class=\"project-item\">\n                        <div class=\"project-thumbs \">\n\t                        \t\t<div class=\"post-thumbnail-wrap\">\r\n\r\n\t\t\t\t\t<figure class=\"post-thumbnail\">\r\n\t\t\t\t<a class=\"post-thumb-link alignwide\" href=\"https:\/\/elyan.com\/fr\/project\/alliance-pharmaceuticals\/\" aria-hidden=\"true\" tabindex=\"-1\"><img decoding=\"async\" width=\"332\" height=\"342\" src=\"https:\/\/elyan.com\/wp-content\/uploads\/2025\/12\/Alliance.png\" class=\"attachment-finwave-size6 size-finwave-size6 wp-post-image\" alt=\"\" srcset=\"https:\/\/elyan.com\/wp-content\/uploads\/2025\/12\/Alliance.png 332w, https:\/\/elyan.com\/wp-content\/uploads\/2025\/12\/Alliance-291x300.png 291w\" sizes=\"(max-width: 332px) 100vw, 332px\" \/><\/a>\r\n\t\t\t<\/figure><!-- .post-thumbnail -->\r\n\r\n\t\t\t\t\t\r\n\t\t<\/div>\r\n\t\t                        <\/div>\n                        <div class=\"project-content d-flex justify-content-between\">\n                            <div class=\"project-info\">\n                                <h3 class=\"project-title\">\n                                                                        <span>Alliance Pharma<\/span>\n                                <\/h3>\n\t\t\t\t                                                                                        <span class=\"project-cat\">\n                                                                            <\/span>\n                                    \n\t\t\t\t                                                    <div class=\"project-excerpt\">Global consumer healthcare products platform<\/div>\n\t\t\t\t                                                \n                                <span class=\"project-cat project-childcat\">\n                                                                    <\/span>\n                            <\/div>\n\n\t                                                        <div class=\"rt-button\">\n\t                                                                                                                <a class=\"btn button-2\" href=\"https:\/\/www.alliancepharmaceuticals.com\/\" aria-label=\"project link\" ><i class=\"icon-rt-right-arrow\"><\/i><\/a>\n\t                                                                <\/div>\n                                                    <\/div>\n                    <\/div>\n                <\/div>\n                            <div class=\"col-xl-4 col-lg-4 col-md-6 col-sm-12 col-xs-12 wow fadeInUp\" data-wow-delay=\"600ms\" data-wow-duration=\"1200ms\">\n                    <div class=\"project-item\">\n                        <div class=\"project-thumbs \">\n\t                        \t\t<div class=\"post-thumbnail-wrap\">\r\n\r\n\t\t\t\t\t<figure class=\"post-thumbnail\">\r\n\t\t\t\t<a class=\"post-thumb-link alignwide\" href=\"https:\/\/elyan.com\/fr\/project\/stordata\/\" aria-hidden=\"true\" tabindex=\"-1\"><img decoding=\"async\" width=\"332\" height=\"342\" src=\"https:\/\/elyan.com\/wp-content\/uploads\/2025\/12\/Stordata.png\" class=\"attachment-finwave-size6 size-finwave-size6 wp-post-image\" alt=\"\" srcset=\"https:\/\/elyan.com\/wp-content\/uploads\/2025\/12\/Stordata.png 332w, https:\/\/elyan.com\/wp-content\/uploads\/2025\/12\/Stordata-291x300.png 291w\" sizes=\"(max-width: 332px) 100vw, 332px\" \/><\/a>\r\n\t\t\t<\/figure><!-- .post-thumbnail -->\r\n\r\n\t\t\t\t\t\r\n\t\t<\/div>\r\n\t\t                        <\/div>\n                        <div class=\"project-content d-flex justify-content-between\">\n                            <div class=\"project-info\">\n                                <h3 class=\"project-title\">\n                                                                        <span>Stordata<\/span>\n                                <\/h3>\n\t\t\t\t                                                                                        <span class=\"project-cat\">\n                                                                            <\/span>\n                                    \n\t\t\t\t                                                    <div class=\"project-excerpt\">Infrastructure maintenance and cybersecurity solutions provider<\/div>\n\t\t\t\t                                                \n                                <span class=\"project-cat project-childcat\">\n                                                                    <\/span>\n                            <\/div>\n\n\t                                                        <div class=\"rt-button\">\n\t                                                                                                                <a class=\"btn button-2\" href=\"https:\/\/www.stordata.fr\/\" aria-label=\"project link\" ><i class=\"icon-rt-right-arrow\"><\/i><\/a>\n\t                                                                <\/div>\n                                                    <\/div>\n                    <\/div>\n                <\/div>\n            \t\t\t<\/div>\n<\/div>\t\t\t\t<\/div>\n\t\t\t\t<\/div>\n\t\t\t\t\t<\/div>\n\t\t\t\t<\/div>\n\t\t<div class=\"elementor-element elementor-element-5168b7e e-flex e-con-boxed rt-parallax-bg-no e-con e-parent\" data-id=\"5168b7e\" data-element_type=\"container\">\n\t\t\t\t\t<div class=\"e-con-inner\">\n\t\t\t\t<div class=\"elementor-element elementor-element-b8dfbe4 elementor-widget elementor-widget-spacer\" data-id=\"b8dfbe4\" data-element_type=\"widget\" data-widget_type=\"spacer.default\">\n\t\t\t\t\t\t\t<div class=\"elementor-spacer\">\n\t\t\t<div class=\"elementor-spacer-inner\"><\/div>\n\t\t<\/div>\n\t\t\t\t\t\t<\/div>\n\t\t\t\t<div class=\"elementor-element elementor-element-4d5aba7 elementor-invisible elementor-widget elementor-widget-rt-button\" data-id=\"4d5aba7\" data-element_type=\"widget\" data-widget_type=\"rt-button.default\">\n\t\t\t\t<div class=\"elementor-widget-container\">\n\t\t\t\t\t\r\n<div class=\"rt-button wow-off fadeInUp\" data-wow-delay=\"200ms\" data-wow-duration=\"1200ms\">\r\n\t        <a class=\"btn button-1 \" href=\"https:\/\/elyan.com\/portfolio\/\" aria-label=\"button link\">\r\n\t\t\tSee all portfolio<i class=\"icon-rt-right-arrow\"><\/i>        <\/a>\r\n\t<\/div>\t\t\t\t<\/div>\n\t\t\t\t<\/div>\n\t\t\t\t\t<\/div>\n\t\t\t\t<\/div>\n\t\t<div class=\"elementor-element elementor-element-50a30e3 e-flex e-con-boxed rt-parallax-bg-no e-con e-parent\" data-id=\"50a30e3\" data-element_type=\"container\">\n\t\t\t\t\t<div class=\"e-con-inner\">\n\t\t\t\t<div class=\"elementor-element elementor-element-00197f0 elementor-widget elementor-widget-spacer\" data-id=\"00197f0\" data-element_type=\"widget\" data-widget_type=\"spacer.default\">\n\t\t\t\t\t\t\t<div class=\"elementor-spacer\">\n\t\t\t<div class=\"elementor-spacer-inner\"><\/div>\n\t\t<\/div>\n\t\t\t\t\t\t<\/div>\n\t\t\t\t\t<\/div>\n\t\t\t\t<\/div>\n\t\t\t\t<\/div>\n\t\t","protected":false},"excerpt":{"rendered":"<p>Approach Partnership in motion. Nous construisons des partenariats clairs v\u00e0 durables v\u1edbi nos \u00e9quipes de direction \u2014 et, le cas \u00e9ch\u00e9ant, v\u1edbi d&rsquo;autres investisseurs, entrepreneurs v\u00e0 family offices. Plus que de simples investisseurs en capital, nous sommes des partenaires en mouvement, apportant une vision strat\u00e9gique, une expertise sectorielle ainsi qu\u2019un r\u00e9seau mondial synergique v\u00e0 transatlantique [&hellip;]<\/p>\n","protected":false},"author":1,"featured_media":9433,"parent":0,"menu_order":0,"comment_status":"closed","ping_status":"closed","template":"elementor_header_footer","meta":{"_acf_changed":false,"footnotes":""},"class_list":["post-13434","page","type-page","status-publish","has-post-thumbnail","hentry"],"acf":[],"_links":{"self":[{"href":"https:\/\/elyan.com\/fr\/wp-json\/wp\/v2\/pages\/13434","targetHints":{"allow":["GET"]}}],"collection":[{"href":"https:\/\/elyan.com\/fr\/wp-json\/wp\/v2\/pages"}],"about":[{"href":"https:\/\/elyan.com\/fr\/wp-json\/wp\/v2\/types\/page"}],"author":[{"embeddable":true,"href":"https:\/\/elyan.com\/fr\/wp-json\/wp\/v2\/users\/1"}],"replies":[{"embeddable":true,"href":"https:\/\/elyan.com\/fr\/wp-json\/wp\/v2\/comments?post=13434"}],"version-history":[{"count":2,"href":"https:\/\/elyan.com\/fr\/wp-json\/wp\/v2\/pages\/13434\/revisions"}],"predecessor-version":[{"id":13550,"href":"https:\/\/elyan.com\/fr\/wp-json\/wp\/v2\/pages\/13434\/revisions\/13550"}],"wp:featuredmedia":[{"embeddable":true,"href":"https:\/\/elyan.com\/fr\/wp-json\/wp\/v2\/media\/9433"}],"wp:attachment":[{"href":"https:\/\/elyan.com\/fr\/wp-json\/wp\/v2\/media?parent=13434"}],"curies":[{"name":"wp","href":"https:\/\/api.w.org\/{rel}","templated":true}]}}