{"id":13424,"date":"2026-02-07T14:44:42","date_gmt":"2026-02-07T13:44:42","guid":{"rendered":"https:\/\/elyan.com\/legal-information\/"},"modified":"2026-03-31T19:43:36","modified_gmt":"2026-03-31T17:43:36","slug":"legal-information","status":"publish","type":"page","link":"https:\/\/elyan.com\/fr\/legal-information\/","title":{"rendered":"Legal information"},"content":{"rendered":"\t\t<div data-elementor-type=\"wp-page\" data-elementor-id=\"13424\" class=\"elementor elementor-13424 elementor-13324\" data-elementor-post-type=\"page\">\n\t\t\t\t<div class=\"elementor-element elementor-element-f6846b1 e-con-full e-flex e-con e-parent\" data-id=\"f6846b1\" data-element_type=\"container\" data-settings=\"{&quot;background_background&quot;:&quot;slideshow&quot;,&quot;background_slideshow_gallery&quot;:[{&quot;id&quot;:13602,&quot;url&quot;:&quot;https:\\\/\\\/elyan.com\\\/wp-content\\\/uploads\\\/2026\\\/02\\\/legal-2.png&quot;}],&quot;background_slideshow_loop&quot;:&quot;yes&quot;,&quot;background_slideshow_slide_duration&quot;:5000,&quot;background_slideshow_slide_transition&quot;:&quot;fade&quot;,&quot;background_slideshow_transition_duration&quot;:500}\">\n\t\t<div class=\"elementor-element elementor-element-1ad2540 e-grid e-con-boxed rt-parallax-bg-no e-con e-child\" data-id=\"1ad2540\" data-element_type=\"container\">\n\t\t\t\t\t<div class=\"e-con-inner\">\n\t\t\t\t<div class=\"elementor-element elementor-element-f43a85e elementor-widget elementor-widget-spacer\" data-id=\"f43a85e\" data-element_type=\"widget\" data-widget_type=\"spacer.default\">\n\t\t\t\t\t\t\t<div class=\"elementor-spacer\">\n\t\t\t<div class=\"elementor-spacer-inner\"><\/div>\n\t\t<\/div>\n\t\t\t\t\t\t<\/div>\n\t\t\t\t<div class=\"elementor-element elementor-element-7cde39c elementor-invisible elementor-widget elementor-widget-rt-title\" data-id=\"7cde39c\" data-element_type=\"widget\" data-widget_type=\"rt-title.default\">\n\t\t\t\t<div class=\"elementor-widget-container\">\n\t\t\t\t\t<div class=\"section-title-wrapper \">\r\n\t<div class=\"title-inner-wrapper ah-headline\">\r\n        \t\t<!--Top Sub Title-->\r\n\t\t\r\n\t\t<!--Main Title-->\r\n\t\t        <div class=\"wow-off fadeInUp\" data-wow-delay=\"400ms\" data-wow-duration=\"1200ms\">\r\n            <h2 class=\"main-title title-gradient-animation  no middle \">Legal <span class=\"italic-part\">information<\/span>\n                            <\/h2>\r\n        <\/div>\r\n        \r\n        <!--Description-->\r\n        \r\n\t        <\/div>\r\n<\/div>\t\t\t\t<\/div>\n\t\t\t\t<\/div>\n\t\t\t\t<div class=\"elementor-element elementor-element-7155680 elementor-widget elementor-widget-spacer\" data-id=\"7155680\" data-element_type=\"widget\" data-widget_type=\"spacer.default\">\n\t\t\t\t\t\t\t<div class=\"elementor-spacer\">\n\t\t\t<div class=\"elementor-spacer-inner\"><\/div>\n\t\t<\/div>\n\t\t\t\t\t\t<\/div>\n\t\t\t\t\t<\/div>\n\t\t\t\t<\/div>\n\t\t\t\t<\/div>\n\t\t<div class=\"elementor-element elementor-element-a9246fe e-flex e-con-boxed rt-parallax-bg-no e-con e-parent\" data-id=\"a9246fe\" data-element_type=\"container\">\n\t\t\t\t\t<div class=\"e-con-inner\">\n\t\t\t\t<div class=\"elementor-element elementor-element-b8a45c5 elementor-widget__width-initial elementor-widget elementor-widget-spacer\" data-id=\"b8a45c5\" data-element_type=\"widget\" data-widget_type=\"spacer.default\">\n\t\t\t\t\t\t\t<div class=\"elementor-spacer\">\n\t\t\t<div class=\"elementor-spacer-inner\"><\/div>\n\t\t<\/div>\n\t\t\t\t\t\t<\/div>\n\t\t\t\t<div class=\"elementor-element elementor-element-a5b11ae elementor-widget__width-initial elementor-widget elementor-widget-spacer\" data-id=\"a5b11ae\" data-element_type=\"widget\" data-widget_type=\"spacer.default\">\n\t\t\t\t\t\t\t<div class=\"elementor-spacer\">\n\t\t\t<div class=\"elementor-spacer-inner\"><\/div>\n\t\t<\/div>\n\t\t\t\t\t\t<\/div>\n\t\t\t\t<div class=\"elementor-element elementor-element-de58429 elementor-widget elementor-widget-text-editor\" data-id=\"de58429\" data-element_type=\"widget\" data-widget_type=\"text-editor.default\">\n\t\t\t\t\t\t\t\t\t<h4><span style=\"color: a;\"><span style=\"font-weight: 400;\">Elyan Partners SAS is controlled by its management team and is a member of the Edmond de Rothshild Private Equity Partnership.<\/span><\/span><\/h4><p><span style=\"font-weight: 400;\">Elyan Partners SAS is registered with ORIAS in the Financial Investment Advisor category under number 21006631.<\/span><\/p><p><span style=\"font-weight: 400;\">\u00a0<\/span><\/p><h3><span style=\"font-size: 18px;\">Company name: <span style=\"font-weight: normal;\">Elyan<\/span> <span style=\"font-weight: normal;\">Partners SAS &#8211; <\/span><\/span><span style=\"font-size: 18px; font-weight: normal;\">Soci\u00e9t\u00e9 par Actions Simplifi\u00e9e with a capital of 1000 euros<\/span><\/h3><h3><span style=\"font-size: 18px;\">RCS Paris:\u00a0<span style=\"font-weight: normal;\">n\u00b0B 900 318 593<\/span><\/span><\/h3><h3><span style=\"font-size: 18px;\">Head office: <span style=\"font-weight: normal;\">25-27 Place de La Madeleine &#8211; 75008 Paris, France<\/span><\/span><\/h3><h4><a style=\"background-color: #ffffff;\" href=\"mailto:contact@elyan.com\" target=\"_blank\" rel=\"noopener\">contact@elyan.com<\/a><\/h4><h4><span style=\"color: #492487; font-family: Onest, sans-serif; font-weight: bold;\">SIREN: <\/span><span style=\"color: #492487; font-family: Onest, sans-serif;\">n\u00b0900 318 593 &#8211; <\/span><span style=\"color: #492487; font-family: Onest, sans-serif; font-weight: bold;\">NAF: <\/span><span style=\"color: #492487; font-family: Onest, sans-serif;\">6619 B<\/span><\/h4><h3><span style=\"font-size: 18px;\">Orias:\u00a0<span style=\"font-weight: normal;\">n\u00b021006631 \u2013<\/span> VAT:<span style=\"font-weight: normal;\"> n\u00b0FR06900318593<\/span><\/span><\/h3><div><span style=\"font-size: 18px;\"><span style=\"font-weight: normal;\">\u00a0<\/span><\/span><\/div><h4><b>Credits<\/b><\/h4><p>Website design and art direction by <a style=\"font-weight: bold; background-color: #ffffff;\" href=\"https:\/\/futurative.fr\/fr\/\" target=\"_blank\" rel=\"noopener\"><b>futurative.fr<\/b><\/a><\/p><p>\u00a0<\/p><p>\u00a0<\/p>\t\t\t\t\t\t\t\t<\/div>\n\t\t\t\t\t<\/div>\n\t\t\t\t<\/div>\n\t\t\t\t<\/div>\n\t\t","protected":false},"excerpt":{"rendered":"<p>Legal information Elyan Partners SAS is controlled by its management team and is a member of the Edmond de Rothshild Private Equity Partnership. Elyan Partners SAS is registered with ORIAS in the Financial Investment Advisor category under number 21006631. \u00a0 Company name: Elyan Partners SAS &#8211; Soci\u00e9t\u00e9 par Actions Simplifi\u00e9e with a capital of 1000 [&hellip;]<\/p>\n","protected":false},"author":1,"featured_media":0,"parent":0,"menu_order":0,"comment_status":"closed","ping_status":"closed","template":"elementor_header_footer","meta":{"_acf_changed":false,"footnotes":""},"class_list":["post-13424","page","type-page","status-publish","hentry"],"acf":[],"_links":{"self":[{"href":"https:\/\/elyan.com\/fr\/wp-json\/wp\/v2\/pages\/13424","targetHints":{"allow":["GET"]}}],"collection":[{"href":"https:\/\/elyan.com\/fr\/wp-json\/wp\/v2\/pages"}],"about":[{"href":"https:\/\/elyan.com\/fr\/wp-json\/wp\/v2\/types\/page"}],"author":[{"embeddable":true,"href":"https:\/\/elyan.com\/fr\/wp-json\/wp\/v2\/users\/1"}],"replies":[{"embeddable":true,"href":"https:\/\/elyan.com\/fr\/wp-json\/wp\/v2\/comments?post=13424"}],"version-history":[{"count":7,"href":"https:\/\/elyan.com\/fr\/wp-json\/wp\/v2\/pages\/13424\/revisions"}],"predecessor-version":[{"id":13825,"href":"https:\/\/elyan.com\/fr\/wp-json\/wp\/v2\/pages\/13424\/revisions\/13825"}],"wp:attachment":[{"href":"https:\/\/elyan.com\/fr\/wp-json\/wp\/v2\/media?parent=13424"}],"curies":[{"name":"wp","href":"https:\/\/api.w.org\/{rel}","templated":true}]}}